{"id":132,"date":"2024-10-08T13:54:28","date_gmt":"2024-10-08T13:54:28","guid":{"rendered":"https:\/\/promo.graviton-profit.com\/a-propos-de-nous\/"},"modified":"2024-10-26T14:39:34","modified_gmt":"2024-10-26T14:39:34","slug":"a-propos-de-nous","status":"publish","type":"page","link":"https:\/\/promo.graviton-profit.com\/fr\/a-propos-de-nous\/","title":{"rendered":"A propos de nous"},"content":{"rendered":"\n<section class=\"what-is w-clearfix wf-section\">\n<div class=\"container w-container\">\n<h1 class=\"about-title\">\u00e0 propos de l&rsquo;application Graviton Profit  <\/h1>\n<\/div>\n<img decoding=\"async\" src=\"http:\/\/promo.graviton-profit.com\/wp-content\/uploads\/2024\/10\/about-img.webp\" alt=\"Graviton Profit - Comment le logiciel Graviton Profit fonctionne-t-il exactement ?\" class=\"what-is-img\"\/>\n<div class=\"container about-what-is-section w-container\">\n<h2 class=\"about-what_is-title\">Comment le logiciel Graviton Profit fonctionne-t-il exactement ?<\/h2>\n<div class=\"about-what_is-text\">L&rsquo;objectif principal de Graviton Profit, notre application de trading, \u00e9tait de simplifier l&rsquo;acc\u00e8s des traders au secteur financier et au large \u00e9ventail d&rsquo;options qu&rsquo;il offre. Nous avons eu le privil\u00e8ge d&rsquo;assister \u00e0 la croissance et \u00e0 l&rsquo;extension de secteurs tels que les NFT, le m\u00e9taverse, le DeFi, le play-to-earn et le GameFi dans l&rsquo;espace blockchain et crypto au cours des dix derni\u00e8res ann\u00e9es, alors que ce secteur innovant n&rsquo;a cess\u00e9 de cro\u00eetre et de se r\u00e9pandre. Certaines personnes ne comprennent toujours pas ce nouvel environnement d&rsquo;actifs num\u00e9riques et ce qu&rsquo;il englobe malgr\u00e9 l&rsquo;av\u00e8nement de nouveaux secteurs et d&rsquo;un plus grand nombre de monnaies et de jetons. Plus important encore, de nombreuses personnes ne savent pas comment tirer profit de cette classe d&rsquo;actifs relativement nouvelle. C&rsquo;est pour cette raison que nous avons d\u00e9velopp\u00e9 le logiciel Graviton Profit.    <br\/>\n<br\/>  L&rsquo;application Graviton Profit vous permet d&rsquo;acc\u00e9der \u00e0 des donn\u00e9es et \u00e0 des outils essentiels pendant que vous n\u00e9gociez. En d&rsquo;autres termes, l&rsquo;application Graviton Profit est bien con\u00e7ue pour g\u00e9rer l&rsquo;\u00e9valuation du march\u00e9 \u00e0 votre place, tout en tenant compte de l&rsquo;analyse fondamentale et technique. Pour devenir un investisseur comp\u00e9tent, vous devez acqu\u00e9rir beaucoup de connaissances et de comp\u00e9tences analytiques, et l&rsquo;application Graviton Profit vous aide dans ce processus. \u00c9tant donn\u00e9 que la ma\u00eetrise de ces comp\u00e9tences peut prendre beaucoup de temps, avec l&rsquo;application Graviton Profit, vous pouvez simplement vous fier aux signaux de trading que l&rsquo;application vous donnera pendant que vous effectuez des transactions. Arm\u00e9 de cette connaissance du march\u00e9, vous pouvez d\u00e9sormais prendre les bonnes d\u00e9cisions de trading &#8211; plus besoin de deviner quelle crypto-monnaie trader. Graviton Profit est donc l&rsquo;application id\u00e9ale pour tous les types de traders, alors commencez imm\u00e9diatement.     <\/div>\n<div class=\"about-what_is-text margin-bottom-40\">Il est d\u00e9sormais beaucoup plus simple pour tout le monde de n\u00e9gocier des cryptocurrencies comme un professionnel gr\u00e2ce aux multiples fonctionnalit\u00e9s et outils propos\u00e9s sur la plateforme Graviton Profit. Le syst\u00e8me de n\u00e9gociation avanc\u00e9 de l&rsquo;application lui permet d&rsquo;\u00e9valuer des dizaines de cryptocurrencies pendant que vous \u00eates occup\u00e9 \u00e0 n\u00e9gocier sur le march\u00e9. Cela vous aidera \u00e0 localiser les actifs num\u00e9riques appropri\u00e9s \u00e0 n\u00e9gocier au moment opportun. Comme l&rsquo;exp\u00e9rience utilisateur de l&rsquo;application fonctionne parfaitement en ligne, vous pouvez utiliser l&rsquo;outil Graviton Profit sur votre appareil mobile lorsque vous \u00eates en d\u00e9placement, ainsi que sur votre ordinateur portable, votre tablette ou votre PC. Ainsi, vous pourrez \u00e9changer des actifs num\u00e9riques \u00e0 la maison, au travail, dans le m\u00e9tro ou \u00e0 la plage avec vos amis. Cr\u00e9ez un compte Graviton Profit gratuit d\u00e8s maintenant pour commencer \u00e0 n\u00e9gocier des crypto-monnaies comme un expert.     <\/div>\n<div class=\"about-action_button_wrapper\">\n<a href=\"#formTop\" class=\"button w-button\">COMMENCEZ ICI &#8211; OBTENIR VOTRE ADH\u00c9SION GRATUITE \u00e0 Graviton Profit<\/a>\n<\/div>\n<\/div>\n<\/section>\n<section class=\"our-team w-clearfix wf-section\"><img alt=\"Graviton Profit - Qui a cr\u00e9\u00e9 l'application Graviton Profit ?\" class=\"our-team-img\"\/>\n<div class=\"container about-our_team-container w-container\">\n<h2 class=\"our_team-title\">Qui a cr\u00e9\u00e9 l&rsquo;application Graviton Profit ?<\/h2>\n<div class=\"our_team-text\">La cr\u00e9ation d&rsquo;un logiciel aussi sophistiqu\u00e9 et convivial que le programme Graviton Profit a n\u00e9cessit\u00e9 l&rsquo;intervention de sp\u00e9cialistes de plusieurs secteurs. Nous avons mis en commun nos comp\u00e9tences et nos exp\u00e9riences au fil des ans pour d\u00e9velopper un outil de trading puissant. La majorit\u00e9 de nos associ\u00e9s ont des ann\u00e9es d&rsquo;exp\u00e9rience dans les entreprises de crypto-monnaies, nous sommes donc parfaitement conscients de ce qu&rsquo;il faut faire pour cr\u00e9er des entreprises rentables qui s&rsquo;adressent \u00e0 tous les types de traders de l&rsquo;industrie. Notre objectif \u00e9tait de cr\u00e9er un logiciel que n&rsquo;importe qui, ind\u00e9pendamment de ses connaissances en mati\u00e8re de crypto-monnaies, puisse utiliser pour devenir rapidement un trader plus averti. Le logiciel Graviton Profit effectue des \u00e9tudes de march\u00e9 et des recherches statistiques et fondamentales, produisant des signaux et des informations que tout trader peut utiliser pour prendre des d\u00e9cisions commerciales plus judicieuses.      <br\/>\n<br\/>  Au sein de Graviton Profit, nous sommes une \u00e9quipe flexible qui se r\u00e9jouit de l&rsquo;expansion, de la croissance et de la transformation. Ceci est significatif \u00e0 la lumi\u00e8re de la rapidit\u00e9 avec laquelle le vaste secteur des crypto-monnaies se d\u00e9veloppe et cro\u00eet. L&rsquo;application est r\u00e9guli\u00e8rement mise \u00e0 jour par l&rsquo;\u00e9quipe technique de Graviton Profit afin de garantir qu&rsquo;elle suit correctement les \u00e9v\u00e9nements dans le domaine des crypto-monnaies. Vous pouvez utiliser notre logiciel \u00e0 tout moment, de jour comme de nuit, et b\u00e9n\u00e9ficier des donn\u00e9es et des analyses qu&rsquo;il offre pour vous guider dans votre aventure de trading.   <\/div>\n<div class=\"our_team-action_button_wrapper\">\n<a href=\"#formTop\" class=\"button w-button\">Acc\u00e9dez d\u00e8s maintenant \u00e0 votre adh\u00e9sion gratuite \u00e0 Graviton Profit et devenez un meilleur trader en cryptomonnaies.<\/a>\n<\/div>\n<\/div>\n<\/section>\n\n\n<footer class=\"footer wf-section\">\n<div class=\"container w-container\">\n<div class=\"copy-and-nav\">\n<a href=\"https:\/\/promo.graviton-profit.com\/fr\/a-propos-de-nous\/\" class=\"footer-link\">A propos de nous<\/a>\n<a href=\"https:\/\/promo.graviton-profit.com\/policy\/\" class=\"footer-link\">Politique de confidentialit\u00e9<\/a>\n<a href=\"https:\/\/promo.graviton-profit.com\/terms\/\" class=\"footer-link\">Conditions g\u00e9n\u00e9rales d&rsquo;utilisation<\/a>\n<a href=\"https:\/\/promo.graviton-profit.com\/fr\/contactez-nous\/\" class=\"footer-link\">Contactez nous<\/a>\n<div class=\"footer-copyright\">\u00a9 2024<\/div>\n<\/div>\n<\/div>\n<div class=\"container w-container\">\n<a href=\"\/\" class=\"footer-logo-link w-nav-brand\">\n<img loading=\"lazy\" decoding=\"async\" src=\"http:\/\/promo.graviton-profit.com\/wp-content\/uploads\/2024\/10\/logo-profit-footer.png\" alt=\"Graviton Profit - ANALYSE DE TRADING RAPIDE\" width=\"80\" height=\"80\" class=\"footer-logo-desktop\"\/>\n\n<\/a>\n<\/div>\n<div class=\"container w-container\">\n<div class=\"footer-disclaimer\">AVERTISSEMENT SUR LE RISQUE \u00c9LEV\u00c9 : Traiter ou n\u00e9gocier des devises, des CFD et des crypto-monnaies est hautement sp\u00e9culatif, comporte un niveau de risque non n\u00e9gligeable et peut ne pas convenir \u00e0 tous les investisseurs. Vous pouvez perdre une partie ou la totalit\u00e9 de votre capital investi, c&rsquo;est pourquoi vous ne devez pas sp\u00e9culer avec un capital que vous ne pouvez pas vous permettre de perdre. Veuillez vous r\u00e9f\u00e9rer \u00e0 l&rsquo;information sur les risques ci-dessous. Graviton Profit ne gagne ni ne perd de b\u00e9n\u00e9fices en fonction de votre activit\u00e9 et fonctionne comme une soci\u00e9t\u00e9 de services. Graviton Profit n&rsquo;est pas une soci\u00e9t\u00e9 de services financiers et n&rsquo;est pas habilit\u00e9e \u00e0 fournir des conseils financiers. Par cons\u00e9quent, Graviton Profit n&rsquo;est pas responsable des pertes subies par l&rsquo;interm\u00e9diaire de ce site Web d&rsquo;information ou en relation avec celui-ci.     <br\/>\n<br\/>  DIVULGATION DES RISQUES DU SITE : Graviton Profit n&rsquo;accepte aucune responsabilit\u00e9 en cas de perte ou de dommage r\u00e9sultant de la confiance accord\u00e9e aux informations contenues dans ce site Web, y compris le mat\u00e9riel p\u00e9dagogique, les cotations de prix et les graphiques, ainsi que les analyses. Soyez conscient des risques associ\u00e9s \u00e0 la n\u00e9gociation des march\u00e9s financiers et demandez conseil \u00e0 un professionnel ; n&rsquo;investissez jamais plus d&rsquo;argent que vous ne pouvez risquer d&rsquo;en perdre. Les risques li\u00e9s aux op\u00e9rations de change, aux CFD et aux crypto-monnaies peuvent ne pas convenir \u00e0 tous les investisseurs. Graviton Profit ne retient pas la responsabilit\u00e9 des pertes de trading auxquelles vous pourriez faire face suite \u00e0 l&rsquo;utilisation ou \u00e0 la d\u00e9duction des donn\u00e9es h\u00e9berg\u00e9es sur ce site.   <br\/>\n<br\/>  RESTRICTIONS JURIDIQUES : Sans limiter les dispositions susmentionn\u00e9es, vous comprenez que les lois concernant les activit\u00e9s financi\u00e8res varient dans le monde entier et qu&rsquo;il est de votre responsabilit\u00e9 de vous assurer que vous respectez correctement toute loi, r\u00e9glementation ou directive de votre pays de r\u00e9sidence concernant l&rsquo;utilisation du site. Pour \u00e9viter toute ambigu\u00eft\u00e9, la possibilit\u00e9 d&rsquo;acc\u00e9der \u00e0 notre site ne signifie pas n\u00e9cessairement que nos services et\/ou vos activit\u00e9s par l&rsquo;interm\u00e9diaire du site sont l\u00e9gaux au regard des lois, r\u00e8glements ou directives en vigueur dans votre pays de r\u00e9sidence. Il est ill\u00e9gal de solliciter des particuliers am\u00e9ricains pour acheter et vendre des options sur mati\u00e8res premi\u00e8res, m\u00eame s&rsquo;il s&rsquo;agit de contrats \u00ab\u00a0pr\u00e9visionnels\u00a0\u00bb, \u00e0 moins qu&rsquo;ils ne soient cot\u00e9s et n\u00e9goci\u00e9s sur une bourse enregistr\u00e9e aupr\u00e8s de la CFTC, \u00e0 moins qu&rsquo;ils ne soient l\u00e9galement exempt\u00e9s. La Financial Conduct Authority du Royaume-Uni a publi\u00e9 une d\u00e9claration de principe PS20\/10, qui interdit la vente, la promotion et la distribution de CFD sur les crypto-actifs. Elle interdit la diffusion de mat\u00e9riel de marketing relatif \u00e0 la distribution de CFD et d&rsquo;autres produits financiers bas\u00e9s sur les crypto-monnaies qui s&rsquo;adressent aux r\u00e9sidents du Royaume-Uni. La fourniture de services de trading impliquant tout instrument financier MiFID II est interdite dans l&rsquo;UE, sauf si elle est autoris\u00e9e\/licenci\u00e9e par les autorit\u00e9s et\/ou le(s) r\u00e9gulateur(s) applicable(s). Veuillez noter que nous pouvons percevoir des frais de publicit\u00e9 pour les utilisateurs qui choisissent d&rsquo;ouvrir un compte aupr\u00e8s de nos partenaires annonceurs via les sites web des annonceurs. Nous avons plac\u00e9 des cookies sur votre ordinateur afin d&rsquo;am\u00e9liorer votre exp\u00e9rience lorsque vous visitez ce site web. Vous pouvez modifier les param\u00e8tres des cookies sur votre ordinateur \u00e0 tout moment. L&rsquo;utilisation de ce site web indique que vous l&rsquo;acceptez.         <br\/>\n<br\/>  Veuillez noter que les noms figurant sur notre site web, y compris, mais sans s&rsquo;y limiter, Graviton Profit, sont strictement utilis\u00e9s \u00e0 des fins de marketing et d&rsquo;illustration. Ces noms ne repr\u00e9sentent ni n&rsquo;impliquent l&rsquo;existence d&rsquo;entit\u00e9s sp\u00e9cifiques, de fournisseurs de services ou de personnes r\u00e9elles. En outre, les photos et\/ou vid\u00e9os pr\u00e9sent\u00e9es sur notre site web sont de nature purement promotionnelle et mettent en sc\u00e8ne des acteurs professionnels. Ces acteurs ne sont pas des utilisateurs, des clients ou des n\u00e9gociants r\u00e9els, et leurs repr\u00e9sentations ne doivent pas \u00eatre interpr\u00e9t\u00e9es comme des approbations ou des repr\u00e9sentations d&rsquo;exp\u00e9riences r\u00e9elles. Tout le contenu est destin\u00e9 uniquement \u00e0 des fins d&rsquo;illustration et ne doit pas \u00eatre interpr\u00e9t\u00e9 comme \u00e9tant factuel ou comme formant une relation juridiquement contraignante.    <\/div>\n<\/div>\n<\/footer>\n","protected":false},"excerpt":{"rendered":"<p>\u00e0 propos de l&rsquo;application Graviton Profit Comment le logiciel Graviton Profit fonctionne-t-il exactement ? L&rsquo;objectif&hellip;<\/p>\n","protected":false},"author":1,"featured_media":0,"parent":0,"menu_order":0,"comment_status":"closed","ping_status":"closed","template":"","meta":{"_acf_changed":false,"_monsterinsights_skip_tracking":false,"_monsterinsights_sitenote_active":false,"_monsterinsights_sitenote_note":"","_monsterinsights_sitenote_category":0,"footnotes":""},"class_list":["post-132","page","type-page","status-publish","hentry"],"acf":[],"_links":{"self":[{"href":"https:\/\/promo.graviton-profit.com\/fr\/wp-json\/wp\/v2\/pages\/132","targetHints":{"allow":["GET"]}}],"collection":[{"href":"https:\/\/promo.graviton-profit.com\/fr\/wp-json\/wp\/v2\/pages"}],"about":[{"href":"https:\/\/promo.graviton-profit.com\/fr\/wp-json\/wp\/v2\/types\/page"}],"author":[{"embeddable":true,"href":"https:\/\/promo.graviton-profit.com\/fr\/wp-json\/wp\/v2\/users\/1"}],"replies":[{"embeddable":true,"href":"https:\/\/promo.graviton-profit.com\/fr\/wp-json\/wp\/v2\/comments?post=132"}],"version-history":[{"count":1,"href":"https:\/\/promo.graviton-profit.com\/fr\/wp-json\/wp\/v2\/pages\/132\/revisions"}],"predecessor-version":[{"id":134,"href":"https:\/\/promo.graviton-profit.com\/fr\/wp-json\/wp\/v2\/pages\/132\/revisions\/134"}],"wp:attachment":[{"href":"https:\/\/promo.graviton-profit.com\/fr\/wp-json\/wp\/v2\/media?parent=132"}],"curies":[{"name":"wp","href":"https:\/\/api.w.org\/{rel}","templated":true}]}}